{"id":115731,"date":"2020-11-01T12:11:39","date_gmt":"2020-11-01T10:11:39","guid":{"rendered":"https:\/\/gourmandelle.com\/?page_id=115731"},"modified":"2020-11-10T12:13:35","modified_gmt":"2020-11-10T10:13:35","slug":"conditii-de-participare-la-concursuri-facebook-sau-instagram","status":"publish","type":"page","link":"https:\/\/gourmandelle.com\/ro\/conditii-de-participare-la-concursuri-facebook-sau-instagram\/","title":{"rendered":"Condi\u021bii de participare la concursuri Facebook sau Instagram"},"content":{"rendered":"<p>Urm\u0103torii Termeni (\u201eTermeni de participare\u201d) aplic. Condi\u021biile de participare se aplic\u0103 tuturor participan\u021bilor la concurs. Particip\u00e2nd la concurs, concuren\u021bii sunt de acord cu urm\u0103torii termeni.<\/p>\n<p>1. Eligibilitate \/ participare<\/p>\n<p>Orice persoan\u0103 care are cel pu\u021bin 18 ani \u0219i locuie\u0219te \u00een Rom\u00e2nia este eligibil\u0103 pentru a participa. Participan\u021bii pot aplica numai \u00een nume propriu. To\u021bi angaja\u021bii Gourmandelle, to\u021bi ceilal\u021bi care sunt cumva implica\u021bi \u00een dezvoltarea \/ executarea concursului (de exemplu, agen\u021bii, consultan\u021bi, furnizori), precum \u0219i membrii de familie ai celor men\u021biona\u021bi anterior sunt exclu\u0219i de la participarea la concurs.<br \/>\n\u00cen cazul \u00een care organizatorul observ\u0103 orice fel de manipul\u0103ri tehnice sau \u00eenc\u0103lcarea condi\u021biilor de participare, \u00ee\u0219i rezerv\u0103 dreptul de a exclude participan\u021bii din concurs. Exemple de manipulare tehnic\u0103 sunt, printre altele, intr\u0103ri multiple ale aceluia\u0219i participant, participarea prin servicii de participare colectiv\u0103 automat\u0103. Premiul poate fi revocat ulterior \u0219i poate fi extras un alt c\u00e2\u0219tig\u0103tor.<\/p>\n<p>Participarea la concurs necesit\u0103 un dispozitiv conectat la internet, iar participarea este posibil\u0103 prin Facebook utiliz\u00e2nd urm\u0103toarea adres\u0103 URL https:\/\/www.facebook.com\/gourmandellelifestyleblog<br \/>\nConcursul \u00eencepe a\u0219a cum este indicat pe postarea de pe pagina noastr\u0103 de Facebook. Participarea este posibil\u0103 numai at\u00e2ta timp c\u00e2t este indicat pe postarea de pe pagina noastr\u0103 de Facebook.<\/p>\n<p>Participarea la concurs se face dup\u0103 cum urmeaz\u0103: Dup\u0103 cum se indic\u0103 \u00een legenda post\u0103rii de pe Facebook. Participarea la concurs este gratuit\u0103. Nu exist\u0103 costuri ascunse.<\/p>\n<p>Alegerea c\u00e2\u0219tig\u0103torilor: Din toate comentariile \u0219i \/ sau aprecierile din perioada concursului, va fi stabilit num\u0103rul c\u00e2\u0219tig\u0103torilor, a\u0219a cum este men\u021bionat \u00een postare. C\u00e2\u0219tig\u0103torii sunt ale\u0219i a\u0219a cum este indicat \u00een legenda post\u0103rii. Exemple pentru alegerea metodelor sunt: \u200b\u200bC\u00e2\u0219tig\u0103torii sunt extrasa\u021bi din toate intr\u0103rile corecte, comentariile cu cele mai multe aprecieri c\u00e2\u0219tig\u0103, primele 30 de r\u0103spunsuri corecte c\u00e2\u0219tig\u0103 \u0219i a\u0219a mai departe. Organizatorul va intra \u00een contact cu c\u00e2\u0219tig\u0103torii fie prin mesaj privat pe Facebook, fie contact\u00e2ndu-i prin e-mail la adresa de e-mail pe care au furnizat-o \u00een timpul concursului. Toate premiile sunt trimise de la Gourmandelle sau de la una dintre p\u0103r\u021bile lor care au cooperat folosind colet sau po\u0219t\u0103. Premiile vor fi trimise la adresa po\u0219tal\u0103 din Rom\u00e2nia c\u00e2\u0219tig\u0103torului oferit la \u00eenscrierea la concurs. Trimiterea premiilor este gratuit\u0103. \u00cen cazul \u00een care un c\u00e2\u0219tig\u0103tor nu \u00ee\u0219i prime\u0219te premiul, c\u00e2\u0219tig\u0103torul trebuie s\u0103 ia leg\u0103tura cu Gourmandelle \u00een termen de 14 zile de la notificarea c\u00e2\u0219tigului, utiliz\u00e2nd urm\u0103toarea adres\u0103 de e-mail contact@gourmanelle.com cu subiectul \u201eConcurs\u201d.<\/p>\n<p>2. Domeniu de aplicare \/ scutire de la Facebook<\/p>\n<p>Condi\u021biile de participare se aplic\u0103 pentru toate concursurile publicate pe pagina de Facebook https:\/\/www.facebook.com\/gourmandellelifestyleblog\/. Concursurile de pe pagina noastr\u0103 nu au nicio leg\u0103tur\u0103 cu Facebook, Inc. sau Facebook Ireland Ltd. Concursurile nu sunt \u00een niciun fel sponsorizate, sus\u021binute sau organizate de Facebook, iar Facebook nu este supus niciunei r\u0103spunderi legale. Numai Gourmandelle \u00een calitate de organizator al concursului ofer\u0103 toate informa\u021biile referitoare la concurs.<\/p>\n<p>3. Premii \/ R\u0103spundere<br \/>\nPremiile sunt men\u021bionate pentru fiecare concurs, \u00een postarea de pe Facebook sau Instagram.<br \/>\nSe vor acorda doar premii materiale. Premiul nu poate fi pl\u0103tit \u00een numerar. Cererea de premiu nu poate fi atribuit\u0103 ter\u021bilor.<br \/>\nAc\u021biunile \u00een justi\u021bie sunt excluse.<\/p>\n<p>4. Confiden\u021bialitate<br \/>\n\u00cen cadrul competi\u021biei, datele personale vor fi colectate de la c\u00e2\u0219tig\u0103tor. Avem nevoie de aceste date \u00een scopul gestion\u0103rii concuren\u021bei. \u00cen acest scop, numele, prenumele, adresa po\u0219tal\u0103 \u0219i adresa de e-mail a persoanelor \u00een cauz\u0103 sunt colectate, salvate \u0219i utilizate. Prin participarea la competi\u021biile noastre, fiecare participant este de asemenea de acord cu orient\u0103rile noastre privind protec\u021bia datelor.<br \/>\nOdat\u0103 cu participarea sa, participantul este de acord c\u0103 datele sale transmise vor fi salvate numai \u00een scopul derul\u0103rii concursului. Datele vor fi \u0219terse dup\u0103 \u00eencheierea concursului. Datele personale nu sunt salvate \u00een scopuri comerciale. Este exclus un transfer c\u0103tre ter\u021bi.<br \/>\nParticipantul este de acord c\u0103 fotografiile sale, precum \u0219i numele s\u0103u \u00een leg\u0103tur\u0103 cu competi\u021bia, alegerea c\u00e2\u0219tig\u0103torului, prelucrarea sau prezentarea contribu\u021biilor participan\u021bilor vor fi f\u0103cute publice de c\u0103tre organizator sau de ter\u021be p\u0103r\u021bi comandate de organizator pe pagina de Facebook. Participantul se poate opune utiliz\u0103rii datelor sale \u00een orice moment \u00een scris sau prin e-mail la Gourmandelle la contact@gourmandelle.com. Drept urmare, datele cu caracter personal nu mai sunt prelucrate \u0219i utilizate. Participantul va fi apoi exclus din competi\u021bie.<\/p>\n<p>5. \u00cencetarea prematur\u0103 a concursului<br \/>\nOrganizatorul \u00ee\u0219i rezerv\u0103 dreptul de a schimba competi\u021bia din cauza unor circumstan\u021be neprev\u0103zute f\u0103r\u0103 o notificare prealabil\u0103 cu privire la componentele competi\u021biei sau de a anula sau \u00eencheia competi\u021bia. Aceasta din urm\u0103 se aplic\u0103 \u00een special dac\u0103 apar erori \u00een software \u0219i \/ sau hardware \u0219i \/ sau alte motive tehnice \u0219i \/ sau juridice influen\u021beaz\u0103 executarea regulat\u0103 \u0219i corect\u0103 a concursului sau o fac imposibil\u0103.<\/p>\n<p>6. Altele<br \/>\nConcursul este supus exclusiv dreptului rom\u00e2n. \u00cen cazul \u00een care una sau mai multe dintre clauzele de mai sus sunt sau devin nule, ineficiente sau inaplicabile \u00een totalitate sau par\u021bial, condi\u021biile r\u0103mase r\u0103m\u00e2n valabile. O clauz\u0103 valid\u0103 corespunz\u0103toare \u00ee\u0219i ia locul. Acela\u0219i lucru se aplic\u0103 dac\u0103 exist\u0103 o lacun\u0103.<\/p>\n","protected":false},"excerpt":{"rendered":"<p>Urm\u0103torii Termeni (\u201eTermeni de participare\u201d) aplic. Condi\u021biile de participare se aplic\u0103 tuturor participan\u021bilor la concurs. Particip\u00e2nd la concurs, concuren\u021bii sunt de acord cu urm\u0103torii termeni. 1. Eligibilitate \/ participare Orice persoan\u0103 care are cel pu\u021bin 18 ani \u0219i locuie\u0219te \u00een Rom\u00e2nia este eligibil\u0103 pentru a participa. Participan\u021bii pot aplica numai \u00een nume propriu. To\u021bi angaja\u021bii&#8230;<\/p>\n","protected":false},"author":26,"featured_media":0,"parent":0,"menu_order":0,"comment_status":"closed","ping_status":"closed","template":"","meta":{"wprm-recipe-roundup-name":"","wprm-recipe-roundup-description":"","_kadence_starter_templates_imported_post":false,"_kad_post_transparent":"","_kad_post_title":"","_kad_post_layout":"","_kad_post_sidebar_id":"","_kad_post_content_style":"","_kad_post_vertical_padding":"","_kad_post_feature":"","_kad_post_feature_position":"","_kad_post_header":false,"_kad_post_footer":false,"footnotes":""},"class_list":["post-115731","page","type-page","status-publish","hentry"],"yoast_head":"<!-- This site is optimized with the Yoast SEO plugin v25.8 - https:\/\/yoast.com\/wordpress\/plugins\/seo\/ -->\n<title>Condi\u021bii de participare la concursuri Facebook sau Instagram - Gourmandelle<\/title>\n<meta name=\"robots\" content=\"index, follow, max-snippet:-1, max-image-preview:large, max-video-preview:-1\" \/>\n<link rel=\"canonical\" href=\"https:\/\/gourmandelle.com\/ro\/conditii-de-participare-la-concursuri-facebook-sau-instagram\/\" \/>\n<meta property=\"og:locale\" content=\"ro_RO\" \/>\n<meta property=\"og:type\" content=\"article\" \/>\n<meta property=\"og:title\" content=\"Condi\u021bii de participare la concursuri Facebook sau Instagram - Gourmandelle\" \/>\n<meta property=\"og:description\" content=\"Urm\u0103torii Termeni (\u201eTermeni de participare\u201d) aplic. Condi\u021biile de participare se aplic\u0103 tuturor participan\u021bilor la concurs. Particip\u00e2nd la concurs, concuren\u021bii sunt de acord cu urm\u0103torii termeni. 1. Eligibilitate \/ participare Orice persoan\u0103 care are cel pu\u021bin 18 ani \u0219i locuie\u0219te \u00een Rom\u00e2nia este eligibil\u0103 pentru a participa. Participan\u021bii pot aplica numai \u00een nume propriu. To\u021bi angaja\u021bii...\" \/>\n<meta property=\"og:url\" content=\"https:\/\/gourmandelle.com\/ro\/conditii-de-participare-la-concursuri-facebook-sau-instagram\/\" \/>\n<meta property=\"og:site_name\" content=\"Gourmandelle\" \/>\n<meta property=\"article:publisher\" content=\"https:\/\/www.facebook.com\/GourmandelleLifestyleBlog\" \/>\n<meta property=\"article:modified_time\" content=\"2020-11-10T10:13:35+00:00\" \/>\n<meta property=\"og:image\" content=\"https:\/\/gourmandelle.com\/wp-content\/uploads\/2025\/01\/logo-gourmandelle.jpg\" \/>\n\t<meta property=\"og:image:width\" content=\"750\" \/>\n\t<meta property=\"og:image:height\" content=\"750\" \/>\n\t<meta property=\"og:image:type\" content=\"image\/jpeg\" \/>\n<meta name=\"twitter:card\" content=\"summary_large_image\" \/>\n<meta name=\"twitter:site\" content=\"@gourmandelle\" \/>\n<meta name=\"twitter:label1\" content=\"Est. reading time\" \/>\n\t<meta name=\"twitter:data1\" content=\"5 minutes\" \/>\n<script type=\"application\/ld+json\" class=\"yoast-schema-graph\">{\"@context\":\"https:\/\/schema.org\",\"@graph\":[{\"@type\":\"Article\",\"@id\":\"https:\/\/gourmandelle.com\/ro\/conditii-de-participare-la-concursuri-facebook-sau-instagram\/#article\",\"isPartOf\":{\"@id\":\"https:\/\/gourmandelle.com\/ro\/conditii-de-participare-la-concursuri-facebook-sau-instagram\/\"},\"author\":{\"name\":\"Ruxandra\",\"@id\":\"https:\/\/gourmandelle.com\/#\/schema\/person\/e0603e30f9870a631967bd67fa23d947\"},\"headline\":\"Condi\u021bii de participare la concursuri Facebook sau Instagram\",\"datePublished\":\"2020-11-01T10:11:39+00:00\",\"dateModified\":\"2020-11-10T10:13:35+00:00\",\"mainEntityOfPage\":{\"@id\":\"https:\/\/gourmandelle.com\/ro\/conditii-de-participare-la-concursuri-facebook-sau-instagram\/\"},\"wordCount\":934,\"publisher\":{\"@id\":\"https:\/\/gourmandelle.com\/#organization\"},\"inLanguage\":\"ro-RO\"},{\"@type\":\"WebPage\",\"@id\":\"https:\/\/gourmandelle.com\/ro\/conditii-de-participare-la-concursuri-facebook-sau-instagram\/\",\"url\":\"https:\/\/gourmandelle.com\/ro\/conditii-de-participare-la-concursuri-facebook-sau-instagram\/\",\"name\":\"Condi\u021bii de participare la concursuri Facebook sau Instagram - Gourmandelle\",\"isPartOf\":{\"@id\":\"https:\/\/gourmandelle.com\/#website\"},\"datePublished\":\"2020-11-01T10:11:39+00:00\",\"dateModified\":\"2020-11-10T10:13:35+00:00\",\"breadcrumb\":{\"@id\":\"https:\/\/gourmandelle.com\/ro\/conditii-de-participare-la-concursuri-facebook-sau-instagram\/#breadcrumb\"},\"inLanguage\":\"ro-RO\",\"potentialAction\":[{\"@type\":\"ReadAction\",\"target\":[\"https:\/\/gourmandelle.com\/ro\/conditii-de-participare-la-concursuri-facebook-sau-instagram\/\"]}]},{\"@type\":\"BreadcrumbList\",\"@id\":\"https:\/\/gourmandelle.com\/ro\/conditii-de-participare-la-concursuri-facebook-sau-instagram\/#breadcrumb\",\"itemListElement\":[{\"@type\":\"ListItem\",\"position\":1,\"name\":\"Home\",\"item\":\"https:\/\/gourmandelle.com\/ro\/\"},{\"@type\":\"ListItem\",\"position\":2,\"name\":\"Condi\u021bii de participare la concursuri Facebook sau Instagram\"}]},{\"@type\":\"WebSite\",\"@id\":\"https:\/\/gourmandelle.com\/#website\",\"url\":\"https:\/\/gourmandelle.com\/\",\"name\":\"Gourmandelle - Vegetarian Recipes\",\"description\":\"Gourmandelle is a vegetarian blog with healthy vegetarian recipes and vegetarian meal plans.\",\"publisher\":{\"@id\":\"https:\/\/gourmandelle.com\/#organization\"},\"alternateName\":\"Gourmandelle\",\"potentialAction\":[{\"@type\":\"SearchAction\",\"target\":{\"@type\":\"EntryPoint\",\"urlTemplate\":\"https:\/\/gourmandelle.com\/?s={search_term_string}\"},\"query-input\":{\"@type\":\"PropertyValueSpecification\",\"valueRequired\":true,\"valueName\":\"search_term_string\"}}],\"inLanguage\":\"ro-RO\"},{\"@type\":\"Organization\",\"@id\":\"https:\/\/gourmandelle.com\/#organization\",\"name\":\"Gourmandelle\",\"alternateName\":\"Gourmandelle\",\"url\":\"https:\/\/gourmandelle.com\/\",\"logo\":{\"@type\":\"ImageObject\",\"inLanguage\":\"ro-RO\",\"@id\":\"https:\/\/gourmandelle.com\/#\/schema\/logo\/image\/\",\"url\":\"https:\/\/gourmandelle.com\/wp-content\/uploads\/2018\/09\/logo-schema-gourmandelle.png\",\"contentUrl\":\"https:\/\/gourmandelle.com\/wp-content\/uploads\/2018\/09\/logo-schema-gourmandelle.png\",\"width\":100,\"height\":60,\"caption\":\"Gourmandelle\"},\"image\":{\"@id\":\"https:\/\/gourmandelle.com\/#\/schema\/logo\/image\/\"},\"sameAs\":[\"https:\/\/www.facebook.com\/GourmandelleLifestyleBlog\",\"https:\/\/x.com\/gourmandelle\",\"https:\/\/instagram.com\/gourmandelleblog\/\",\"https:\/\/pinterest.com\/gourmandelle\/\"]},{\"@type\":\"Person\",\"@id\":\"https:\/\/gourmandelle.com\/#\/schema\/person\/e0603e30f9870a631967bd67fa23d947\",\"name\":\"Ruxandra\",\"description\":\"I'm Ruxandra, a vegetarian food blogger with over 10 years of experience creating plant-based recipes. I've published over 500 vegetarian and vegan recipes on Gourmandelle, focusing on healthy, everyday cooking. I'm also a certified nutrition enthusiast and have helped thousands of readers transition to a plant-based diet.\",\"sameAs\":[\"https:\/\/www.facebook.com\/GourmandelleLifestyleBlog\",\"http:\/\/ro.linkedin.com\/pub\/ruxandra-micu\/46\/a15\/485\",\"http:\/\/pinterest.com\/gourmandelle\/\",\"https:\/\/x.com\/gourmandelle\"]}]}<\/script>\n<!-- \/ Yoast SEO plugin. -->","yoast_head_json":{"title":"Condi\u021bii de participare la concursuri Facebook sau Instagram - Gourmandelle","robots":{"index":"index","follow":"follow","max-snippet":"max-snippet:-1","max-image-preview":"max-image-preview:large","max-video-preview":"max-video-preview:-1"},"canonical":"https:\/\/gourmandelle.com\/ro\/conditii-de-participare-la-concursuri-facebook-sau-instagram\/","og_locale":"ro_RO","og_type":"article","og_title":"Condi\u021bii de participare la concursuri Facebook sau Instagram - Gourmandelle","og_description":"Urm\u0103torii Termeni (\u201eTermeni de participare\u201d) aplic. Condi\u021biile de participare se aplic\u0103 tuturor participan\u021bilor la concurs. Particip\u00e2nd la concurs, concuren\u021bii sunt de acord cu urm\u0103torii termeni. 1. Eligibilitate \/ participare Orice persoan\u0103 care are cel pu\u021bin 18 ani \u0219i locuie\u0219te \u00een Rom\u00e2nia este eligibil\u0103 pentru a participa. Participan\u021bii pot aplica numai \u00een nume propriu. To\u021bi angaja\u021bii...","og_url":"https:\/\/gourmandelle.com\/ro\/conditii-de-participare-la-concursuri-facebook-sau-instagram\/","og_site_name":"Gourmandelle","article_publisher":"https:\/\/www.facebook.com\/GourmandelleLifestyleBlog","article_modified_time":"2020-11-10T10:13:35+00:00","og_image":[{"width":750,"height":750,"url":"https:\/\/gourmandelle.com\/wp-content\/uploads\/2025\/01\/logo-gourmandelle.jpg","type":"image\/jpeg"}],"twitter_card":"summary_large_image","twitter_site":"@gourmandelle","twitter_misc":{"Est. reading time":"5 minutes"},"schema":{"@context":"https:\/\/schema.org","@graph":[{"@type":"Article","@id":"https:\/\/gourmandelle.com\/ro\/conditii-de-participare-la-concursuri-facebook-sau-instagram\/#article","isPartOf":{"@id":"https:\/\/gourmandelle.com\/ro\/conditii-de-participare-la-concursuri-facebook-sau-instagram\/"},"author":{"name":"Ruxandra","@id":"https:\/\/gourmandelle.com\/#\/schema\/person\/e0603e30f9870a631967bd67fa23d947"},"headline":"Condi\u021bii de participare la concursuri Facebook sau Instagram","datePublished":"2020-11-01T10:11:39+00:00","dateModified":"2020-11-10T10:13:35+00:00","mainEntityOfPage":{"@id":"https:\/\/gourmandelle.com\/ro\/conditii-de-participare-la-concursuri-facebook-sau-instagram\/"},"wordCount":934,"publisher":{"@id":"https:\/\/gourmandelle.com\/#organization"},"inLanguage":"ro-RO"},{"@type":"WebPage","@id":"https:\/\/gourmandelle.com\/ro\/conditii-de-participare-la-concursuri-facebook-sau-instagram\/","url":"https:\/\/gourmandelle.com\/ro\/conditii-de-participare-la-concursuri-facebook-sau-instagram\/","name":"Condi\u021bii de participare la concursuri Facebook sau Instagram - Gourmandelle","isPartOf":{"@id":"https:\/\/gourmandelle.com\/#website"},"datePublished":"2020-11-01T10:11:39+00:00","dateModified":"2020-11-10T10:13:35+00:00","breadcrumb":{"@id":"https:\/\/gourmandelle.com\/ro\/conditii-de-participare-la-concursuri-facebook-sau-instagram\/#breadcrumb"},"inLanguage":"ro-RO","potentialAction":[{"@type":"ReadAction","target":["https:\/\/gourmandelle.com\/ro\/conditii-de-participare-la-concursuri-facebook-sau-instagram\/"]}]},{"@type":"BreadcrumbList","@id":"https:\/\/gourmandelle.com\/ro\/conditii-de-participare-la-concursuri-facebook-sau-instagram\/#breadcrumb","itemListElement":[{"@type":"ListItem","position":1,"name":"Home","item":"https:\/\/gourmandelle.com\/ro\/"},{"@type":"ListItem","position":2,"name":"Condi\u021bii de participare la concursuri Facebook sau Instagram"}]},{"@type":"WebSite","@id":"https:\/\/gourmandelle.com\/#website","url":"https:\/\/gourmandelle.com\/","name":"Gourmandelle - Vegetarian Recipes","description":"Gourmandelle is a vegetarian blog with healthy vegetarian recipes and vegetarian meal plans.","publisher":{"@id":"https:\/\/gourmandelle.com\/#organization"},"alternateName":"Gourmandelle","potentialAction":[{"@type":"SearchAction","target":{"@type":"EntryPoint","urlTemplate":"https:\/\/gourmandelle.com\/?s={search_term_string}"},"query-input":{"@type":"PropertyValueSpecification","valueRequired":true,"valueName":"search_term_string"}}],"inLanguage":"ro-RO"},{"@type":"Organization","@id":"https:\/\/gourmandelle.com\/#organization","name":"Gourmandelle","alternateName":"Gourmandelle","url":"https:\/\/gourmandelle.com\/","logo":{"@type":"ImageObject","inLanguage":"ro-RO","@id":"https:\/\/gourmandelle.com\/#\/schema\/logo\/image\/","url":"https:\/\/gourmandelle.com\/wp-content\/uploads\/2018\/09\/logo-schema-gourmandelle.png","contentUrl":"https:\/\/gourmandelle.com\/wp-content\/uploads\/2018\/09\/logo-schema-gourmandelle.png","width":100,"height":60,"caption":"Gourmandelle"},"image":{"@id":"https:\/\/gourmandelle.com\/#\/schema\/logo\/image\/"},"sameAs":["https:\/\/www.facebook.com\/GourmandelleLifestyleBlog","https:\/\/x.com\/gourmandelle","https:\/\/instagram.com\/gourmandelleblog\/","https:\/\/pinterest.com\/gourmandelle\/"]},{"@type":"Person","@id":"https:\/\/gourmandelle.com\/#\/schema\/person\/e0603e30f9870a631967bd67fa23d947","name":"Ruxandra","description":"I'm Ruxandra, a vegetarian food blogger with over 10 years of experience creating plant-based recipes. I've published over 500 vegetarian and vegan recipes on Gourmandelle, focusing on healthy, everyday cooking. I'm also a certified nutrition enthusiast and have helped thousands of readers transition to a plant-based diet.","sameAs":["https:\/\/www.facebook.com\/GourmandelleLifestyleBlog","http:\/\/ro.linkedin.com\/pub\/ruxandra-micu\/46\/a15\/485","http:\/\/pinterest.com\/gourmandelle\/","https:\/\/x.com\/gourmandelle"]}]}},"_links":{"self":[{"href":"https:\/\/gourmandelle.com\/ro\/wp-json\/wp\/v2\/pages\/115731","targetHints":{"allow":["GET"]}}],"collection":[{"href":"https:\/\/gourmandelle.com\/ro\/wp-json\/wp\/v2\/pages"}],"about":[{"href":"https:\/\/gourmandelle.com\/ro\/wp-json\/wp\/v2\/types\/page"}],"author":[{"embeddable":true,"href":"https:\/\/gourmandelle.com\/ro\/wp-json\/wp\/v2\/users\/26"}],"replies":[{"embeddable":true,"href":"https:\/\/gourmandelle.com\/ro\/wp-json\/wp\/v2\/comments?post=115731"}],"version-history":[{"count":0,"href":"https:\/\/gourmandelle.com\/ro\/wp-json\/wp\/v2\/pages\/115731\/revisions"}],"wp:attachment":[{"href":"https:\/\/gourmandelle.com\/ro\/wp-json\/wp\/v2\/media?parent=115731"}],"curies":[{"name":"wp","href":"https:\/\/api.w.org\/{rel}","templated":true}]}}