{"id":194316,"date":"2016-08-31T11:54:06","date_gmt":"2016-08-31T09:54:06","guid":{"rendered":"https:\/\/gourmandelle.com\/?page_id=194316"},"modified":"2025-03-19T11:04:54","modified_gmt":"2025-03-19T09:04:54","slug":"abonare","status":"publish","type":"page","link":"https:\/\/gourmandelle.com\/ro\/abonare\/","title":{"rendered":"Abonare"},"content":{"rendered":"<style>.kb-row-layout-id194316_e6f83e-26 > .kt-row-column-wrap{align-content:center;}:where(.kb-row-layout-id194316_e6f83e-26 > .kt-row-column-wrap) > .wp-block-kadence-column{justify-content:center;}.kb-row-layout-id194316_e6f83e-26 > .kt-row-column-wrap{column-gap:var(--global-kb-gap-md, 2rem);row-gap:var(--global-kb-gap-md, 2rem);max-width:var( --global-content-width, 1290px );padding-left:var(--global-content-edge-padding);padding-right:var(--global-content-edge-padding);padding-top:0px;padding-right:0px;padding-bottom:0px;padding-left:0px;min-height:100vh;grid-template-columns:minmax(0, calc(45% - ((var(--global-kb-gap-md, 2rem) * 1 )\/2)))minmax(0, calc(55% - ((var(--global-kb-gap-md, 2rem) * 1 )\/2)));}.kb-row-layout-id194316_e6f83e-26 > .kt-row-layout-overlay{opacity:0.30;}@media all and (max-width: 1024px){.kb-row-layout-id194316_e6f83e-26 > .kt-row-column-wrap{padding-top:var(--global-kb-spacing-md, 2rem);padding-right:var(--global-kb-spacing-md, 2rem);padding-bottom:var(--global-kb-spacing-md, 2rem);padding-left:var(--global-kb-spacing-md, 2rem);grid-template-columns:minmax(0, 1fr);}}@media all and (max-width: 767px){.kb-row-layout-id194316_e6f83e-26 > .kt-row-column-wrap{grid-template-columns:minmax(0, 1fr);}}<\/style><div class=\"kb-row-layout-wrap kb-row-layout-id194316_e6f83e-26 alignfull wp-block-kadence-rowlayout\"><div class=\"kb-blocks-bg-video-container\"><video class=\"kb-blocks-bg-video\" id=\"bg-row-video-194316_e6f83e-26\" playsinline muted loop src=\"https:\/\/gourmandelle.com\/wp-content\/uploads\/2025\/03\/newsletter-gourmandelle.mp4\" autoplay><\/video><\/div><div class=\"kt-row-column-wrap kt-has-2-columns kt-row-layout-equal kt-tab-layout-row kt-mobile-layout-row kt-row-valign-middle kb-theme-content-width\">\n<style>.kadence-column194316_cfb2a6-c3 > .kt-inside-inner-col{padding-top:var(--global-kb-spacing-md, 2rem);padding-right:var(--global-kb-spacing-md, 2rem);padding-bottom:var(--global-kb-spacing-md, 2rem);padding-left:var(--global-kb-spacing-md, 2rem);}.kadence-column194316_cfb2a6-c3 > .kt-inside-inner-col{border-top:20px solid var(--global-palette9, #ffffff);border-right:20px solid var(--global-palette9, #ffffff);border-bottom:20px solid var(--global-palette9, #ffffff);border-left:20px solid var(--global-palette9, #ffffff);}.kadence-column194316_cfb2a6-c3 > .kt-inside-inner-col,.kadence-column194316_cfb2a6-c3 > .kt-inside-inner-col:before{border-top-left-radius:0px;border-top-right-radius:0px;border-bottom-right-radius:0px;border-bottom-left-radius:0px;}.kadence-column194316_cfb2a6-c3 > .kt-inside-inner-col{column-gap:var(--global-kb-gap-sm, 1rem);}.kadence-column194316_cfb2a6-c3 > .kt-inside-inner-col{flex-direction:column;}.kadence-column194316_cfb2a6-c3 > .kt-inside-inner-col > .aligncenter{width:100%;}.kadence-column194316_cfb2a6-c3 > .kt-inside-inner-col{background-color:var(--global-palette8, #F7FAFC);}.kadence-column194316_cfb2a6-c3 > .kt-inside-inner-col:before{opacity:0.81;}.kadence-column194316_cfb2a6-c3{position:relative;}@media all and (max-width: 1024px){.kadence-column194316_cfb2a6-c3 > .kt-inside-inner-col{border-top:20px solid var(--global-palette9, #ffffff);border-right:20px solid var(--global-palette9, #ffffff);border-bottom:20px solid var(--global-palette9, #ffffff);border-left:20px solid var(--global-palette9, #ffffff);flex-direction:column;justify-content:center;}}@media all and (max-width: 767px){.kadence-column194316_cfb2a6-c3 > .kt-inside-inner-col{padding-top:var(--global-kb-spacing-sm, 1.5rem);padding-right:var(--global-kb-spacing-sm, 1.5rem);padding-bottom:var(--global-kb-spacing-sm, 1.5rem);padding-left:var(--global-kb-spacing-sm, 1.5rem);border-top:20px solid var(--global-palette9, #ffffff);border-right:20px solid var(--global-palette9, #ffffff);border-bottom:20px solid var(--global-palette9, #ffffff);border-left:20px solid var(--global-palette9, #ffffff);flex-direction:column;justify-content:center;}}<\/style>\n<div class=\"wp-block-kadence-column kadence-column194316_cfb2a6-c3\"><div class=\"kt-inside-inner-col\"><style>.wp-block-kadence-advancedheading.kt-adv-heading194316_759067-0d, .wp-block-kadence-advancedheading.kt-adv-heading194316_759067-0d[data-kb-block=\"kb-adv-heading194316_759067-0d\"]{font-style:normal;}.wp-block-kadence-advancedheading.kt-adv-heading194316_759067-0d mark.kt-highlight, .wp-block-kadence-advancedheading.kt-adv-heading194316_759067-0d[data-kb-block=\"kb-adv-heading194316_759067-0d\"] mark.kt-highlight{font-style:normal;color:#f76a0c;-webkit-box-decoration-break:clone;box-decoration-break:clone;padding-top:0px;padding-right:0px;padding-bottom:0px;padding-left:0px;}<\/style>\n<h4 class=\"kt-adv-heading194316_759067-0d wp-block-kadence-advancedheading\" data-kb-block=\"kb-adv-heading194316_759067-0d\">Deblocheaz\u0103 galeria de resurse pe baz\u0103 de plante<\/h4>\n\n<style>.wp-block-kadence-advancedheading.kt-adv-heading194316_0a064e-3b, .wp-block-kadence-advancedheading.kt-adv-heading194316_0a064e-3b[data-kb-block=\"kb-adv-heading194316_0a064e-3b\"]{font-style:normal;}.wp-block-kadence-advancedheading.kt-adv-heading194316_0a064e-3b mark.kt-highlight, .wp-block-kadence-advancedheading.kt-adv-heading194316_0a064e-3b[data-kb-block=\"kb-adv-heading194316_0a064e-3b\"] mark.kt-highlight{font-style:normal;color:#f76a0c;-webkit-box-decoration-break:clone;box-decoration-break:clone;padding-top:0px;padding-right:0px;padding-bottom:0px;padding-left:0px;}<\/style>\n<h2 class=\"kt-adv-heading194316_0a064e-3b wp-block-kadence-advancedheading\" data-kb-block=\"kb-adv-heading194316_0a064e-3b\">Aboneaz\u0103-te la newsletter \u0219i prime\u0219ti gratuit ghidul pentru \u00eenlocuitori vegani<\/h2>\n\n<p>E\u0219ti gata s\u0103 \u00eembr\u0103\u021bi\u0219ezi un stil de via\u021b\u0103 bazat pe plante, dar nu e\u0219ti sigur cum s\u0103 faci schimbarea f\u0103r\u0103 probleme? Al\u0103tur\u0103-te comunit\u0103\u021bii Gourmandelle abon\u00e2ndu-te la newsletter \u0219i vei primi ghidul exclusiv, \u201e\u00cenlocuitori vegani: schimburi u\u0219oare pentru g\u0103titul de zi cu zi\u201d. Acest ghid cuprinz\u0103tor este plin de sfaturi practice \u0219i idei creative pentru a te ajuta s\u0103 \u00eenlocuie\u0219ti produsele de origine animal\u0103 cu alternative vegane simple \u0219i accesibile.<\/p>\n\n<div class=\"ml-form-embed\"\n  data-account=\"467881:a9c3z7d8z3\"\n  data-form=\"6085174:q6z2h7\">\n<\/div><\/div><\/div>\n\n<style>.kadence-column194316_b2235f-e9 > .kt-inside-inner-col{display:flex;}.kadence-column194316_b2235f-e9 > .kt-inside-inner-col,.kadence-column194316_b2235f-e9 > .kt-inside-inner-col:before{border-top-left-radius:0px;border-top-right-radius:0px;border-bottom-right-radius:0px;border-bottom-left-radius:0px;}.kadence-column194316_b2235f-e9 > .kt-inside-inner-col{column-gap:var(--global-kb-gap-sm, 1rem);}.kadence-column194316_b2235f-e9 > .kt-inside-inner-col{flex-direction:column;justify-content:flex-end;}.kadence-column194316_b2235f-e9 > .kt-inside-inner-col > .aligncenter{width:100%;}.kt-row-column-wrap > .kadence-column194316_b2235f-e9{align-self:flex-end;}.kt-inner-column-height-full:not(.kt-has-1-columns) > .wp-block-kadence-column.kadence-column194316_b2235f-e9{align-self:auto;}.kt-inner-column-height-full:not(.kt-has-1-columns) > .wp-block-kadence-column.kadence-column194316_b2235f-e9 > .kt-inside-inner-col{flex-direction:column;justify-content:flex-end;}.kadence-column194316_b2235f-e9 > .kt-inside-inner-col:before{opacity:0.3;}.kadence-column194316_b2235f-e9{position:relative;}@media all and (max-width: 1024px){.kt-row-column-wrap > .kadence-column194316_b2235f-e9{align-self:flex-end;}}@media all and (max-width: 1024px){.kt-inner-column-height-full:not(.kt-has-1-columns) > .wp-block-kadence-column.kadence-column194316_b2235f-e9{align-self:auto;}}@media all and (max-width: 1024px){.kt-inner-column-height-full:not(.kt-has-1-columns) > .wp-block-kadence-column.kadence-column194316_b2235f-e9 > .kt-inside-inner-col{flex-direction:column;justify-content:flex-end;}}@media all and (max-width: 1024px){.kadence-column194316_b2235f-e9 > .kt-inside-inner-col{flex-direction:column;justify-content:flex-end;}}@media all and (max-width: 767px){.kt-row-column-wrap > .kadence-column194316_b2235f-e9{align-self:flex-end;}.kt-inner-column-height-full:not(.kt-has-1-columns) > .wp-block-kadence-column.kadence-column194316_b2235f-e9{align-self:auto;}.kt-inner-column-height-full:not(.kt-has-1-columns) > .wp-block-kadence-column.kadence-column194316_b2235f-e9 > .kt-inside-inner-col{flex-direction:column;justify-content:flex-end;}.kadence-column194316_b2235f-e9 > .kt-inside-inner-col{flex-direction:column;justify-content:flex-end;}}<\/style>\n<div class=\"wp-block-kadence-column kadence-column194316_b2235f-e9\"><div class=\"kt-inside-inner-col\"><style>.wp-block-kadence-advancedbtn.kb-btns194316_d81504-b3{gap:var(--global-kb-gap-xs, 0.5rem );justify-content:flex-end;align-items:center;}.kt-btns194316_d81504-b3 .kt-button{font-weight:normal;font-style:normal;}.kt-btns194316_d81504-b3 .kt-btn-wrap-0{margin-right:5px;}.wp-block-kadence-advancedbtn.kt-btns194316_d81504-b3 .kt-btn-wrap-0 .kt-button{color:#555555;border-color:#555555;}.wp-block-kadence-advancedbtn.kt-btns194316_d81504-b3 .kt-btn-wrap-0 .kt-button:hover, .wp-block-kadence-advancedbtn.kt-btns194316_d81504-b3 .kt-btn-wrap-0 .kt-button:focus{color:#ffffff;border-color:#444444;}.wp-block-kadence-advancedbtn.kt-btns194316_d81504-b3 .kt-btn-wrap-0 .kt-button::before{display:none;}.wp-block-kadence-advancedbtn.kt-btns194316_d81504-b3 .kt-btn-wrap-0 .kt-button:hover, .wp-block-kadence-advancedbtn.kt-btns194316_d81504-b3 .kt-btn-wrap-0 .kt-button:focus{background:#444444;}@media all and (max-width: 1024px){.wp-block-kadence-advancedbtn.kb-btns194316_d81504-b3{justify-content:center;}}<\/style>\n<div class=\"wp-block-kadence-advancedbtn kb-buttons-wrap kb-btns194316_d81504-b3\"><style>ul.menu .wp-block-kadence-advancedbtn .kb-btn194316_153a60-76.kb-button{width:initial;}<\/style><a class=\"kb-button kt-button button kb-btn194316_153a60-76 kt-btn-size-standard kt-btn-width-type-auto kb-btn-global-inherit  kt-btn-has-text-true kt-btn-has-svg-false  wp-block-button__link wp-block-kadence-singlebtn\" href=\"https:\/\/gourmandelle.com\/ro\/\"><span class=\"kt-btn-inner-text\">\u00cenapoi\u00a0la\u00a0site<\/span><\/a><\/div><\/div><\/div>\n<\/div><\/div><p><\/p>","protected":false},"excerpt":{"rendered":"<p>Deblocheaz\u0103 galeria de resurse pe baz\u0103 de plante Aboneaz\u0103-te la newsletter \u0219i prime\u0219ti gratuit ghidul pentru \u00eenlocuitori vegani E\u0219ti gata s\u0103 \u00eembr\u0103\u021bi\u0219ezi un stil de via\u021b\u0103 bazat pe plante, dar nu e\u0219ti sigur cum s\u0103 faci schimbarea f\u0103r\u0103 probleme? Al\u0103tur\u0103-te comunit\u0103\u021bii Gourmandelle abon\u00e2ndu-te la newsletter \u0219i vei primi ghidul exclusiv, \u201e\u00cenlocuitori vegani: schimburi u\u0219oare pentru&#8230;<\/p>\n","protected":false},"author":26,"featured_media":0,"parent":0,"menu_order":0,"comment_status":"closed","ping_status":"closed","template":"","meta":{"wprm-recipe-roundup-name":"","wprm-recipe-roundup-description":"","_kadence_starter_templates_imported_post":false,"_kad_post_transparent":"","_kad_post_title":"","_kad_post_layout":"","_kad_post_sidebar_id":"","_kad_post_content_style":"","_kad_post_vertical_padding":"","_kad_post_feature":"","_kad_post_feature_position":"","_kad_post_header":false,"_kad_post_footer":false,"footnotes":""},"class_list":["post-194316","page","type-page","status-publish","hentry"],"yoast_head":"<!-- This site is optimized with the Yoast SEO plugin v25.8 - https:\/\/yoast.com\/wordpress\/plugins\/seo\/ -->\n<title>Abonare - Gourmandelle<\/title>\n<meta name=\"robots\" content=\"index, follow, max-snippet:-1, max-image-preview:large, max-video-preview:-1\" \/>\n<link rel=\"canonical\" href=\"https:\/\/gourmandelle.com\/ro\/abonare\/\" \/>\n<meta property=\"og:locale\" content=\"ro_RO\" \/>\n<meta property=\"og:type\" content=\"article\" \/>\n<meta property=\"og:title\" content=\"Abonare - Gourmandelle\" \/>\n<meta property=\"og:description\" content=\"Deblocheaz\u0103 galeria de resurse pe baz\u0103 de plante Aboneaz\u0103-te la newsletter \u0219i prime\u0219ti gratuit ghidul pentru \u00eenlocuitori vegani E\u0219ti gata s\u0103 \u00eembr\u0103\u021bi\u0219ezi un stil de via\u021b\u0103 bazat pe plante, dar nu e\u0219ti sigur cum s\u0103 faci schimbarea f\u0103r\u0103 probleme? Al\u0103tur\u0103-te comunit\u0103\u021bii Gourmandelle abon\u00e2ndu-te la newsletter \u0219i vei primi ghidul exclusiv, \u201e\u00cenlocuitori vegani: schimburi u\u0219oare pentru...\" \/>\n<meta property=\"og:url\" content=\"https:\/\/gourmandelle.com\/ro\/abonare\/\" \/>\n<meta property=\"og:site_name\" content=\"Gourmandelle\" \/>\n<meta property=\"article:publisher\" content=\"https:\/\/www.facebook.com\/GourmandelleLifestyleBlog\" \/>\n<meta property=\"article:modified_time\" content=\"2025-03-19T09:04:54+00:00\" \/>\n<meta property=\"og:image\" content=\"https:\/\/gourmandelle.com\/wp-content\/uploads\/2025\/01\/logo-gourmandelle.jpg\" \/>\n\t<meta property=\"og:image:width\" content=\"750\" \/>\n\t<meta property=\"og:image:height\" content=\"750\" \/>\n\t<meta property=\"og:image:type\" content=\"image\/jpeg\" \/>\n<meta name=\"twitter:card\" content=\"summary_large_image\" \/>\n<meta name=\"twitter:site\" content=\"@gourmandelle\" \/>\n<meta name=\"twitter:label1\" content=\"Est. reading time\" \/>\n\t<meta name=\"twitter:data1\" content=\"1 minute\" \/>\n<script type=\"application\/ld+json\" class=\"yoast-schema-graph\">{\"@context\":\"https:\/\/schema.org\",\"@graph\":[{\"@type\":\"Article\",\"@id\":\"https:\/\/gourmandelle.com\/ro\/abonare\/#article\",\"isPartOf\":{\"@id\":\"https:\/\/gourmandelle.com\/ro\/abonare\/\"},\"author\":{\"name\":\"Ruxandra\",\"@id\":\"https:\/\/gourmandelle.com\/#\/schema\/person\/e0603e30f9870a631967bd67fa23d947\"},\"headline\":\"Abonare\",\"datePublished\":\"2016-08-31T09:54:06+00:00\",\"dateModified\":\"2025-03-19T09:04:54+00:00\",\"mainEntityOfPage\":{\"@id\":\"https:\/\/gourmandelle.com\/ro\/abonare\/\"},\"wordCount\":103,\"publisher\":{\"@id\":\"https:\/\/gourmandelle.com\/#organization\"},\"inLanguage\":\"ro-RO\"},{\"@type\":\"WebPage\",\"@id\":\"https:\/\/gourmandelle.com\/ro\/abonare\/\",\"url\":\"https:\/\/gourmandelle.com\/ro\/abonare\/\",\"name\":\"Abonare - Gourmandelle\",\"isPartOf\":{\"@id\":\"https:\/\/gourmandelle.com\/#website\"},\"datePublished\":\"2016-08-31T09:54:06+00:00\",\"dateModified\":\"2025-03-19T09:04:54+00:00\",\"breadcrumb\":{\"@id\":\"https:\/\/gourmandelle.com\/ro\/abonare\/#breadcrumb\"},\"inLanguage\":\"ro-RO\",\"potentialAction\":[{\"@type\":\"ReadAction\",\"target\":[\"https:\/\/gourmandelle.com\/ro\/abonare\/\"]}]},{\"@type\":\"BreadcrumbList\",\"@id\":\"https:\/\/gourmandelle.com\/ro\/abonare\/#breadcrumb\",\"itemListElement\":[{\"@type\":\"ListItem\",\"position\":1,\"name\":\"Home\",\"item\":\"https:\/\/gourmandelle.com\/ro\/\"},{\"@type\":\"ListItem\",\"position\":2,\"name\":\"Abonare\"}]},{\"@type\":\"WebSite\",\"@id\":\"https:\/\/gourmandelle.com\/#website\",\"url\":\"https:\/\/gourmandelle.com\/\",\"name\":\"Gourmandelle - Vegetarian Recipes\",\"description\":\"Gourmandelle is a vegetarian blog with healthy vegetarian recipes and vegetarian meal plans.\",\"publisher\":{\"@id\":\"https:\/\/gourmandelle.com\/#organization\"},\"alternateName\":\"Gourmandelle\",\"potentialAction\":[{\"@type\":\"SearchAction\",\"target\":{\"@type\":\"EntryPoint\",\"urlTemplate\":\"https:\/\/gourmandelle.com\/?s={search_term_string}\"},\"query-input\":{\"@type\":\"PropertyValueSpecification\",\"valueRequired\":true,\"valueName\":\"search_term_string\"}}],\"inLanguage\":\"ro-RO\"},{\"@type\":\"Organization\",\"@id\":\"https:\/\/gourmandelle.com\/#organization\",\"name\":\"Gourmandelle\",\"alternateName\":\"Gourmandelle\",\"url\":\"https:\/\/gourmandelle.com\/\",\"logo\":{\"@type\":\"ImageObject\",\"inLanguage\":\"ro-RO\",\"@id\":\"https:\/\/gourmandelle.com\/#\/schema\/logo\/image\/\",\"url\":\"https:\/\/gourmandelle.com\/wp-content\/uploads\/2018\/09\/logo-schema-gourmandelle.png\",\"contentUrl\":\"https:\/\/gourmandelle.com\/wp-content\/uploads\/2018\/09\/logo-schema-gourmandelle.png\",\"width\":100,\"height\":60,\"caption\":\"Gourmandelle\"},\"image\":{\"@id\":\"https:\/\/gourmandelle.com\/#\/schema\/logo\/image\/\"},\"sameAs\":[\"https:\/\/www.facebook.com\/GourmandelleLifestyleBlog\",\"https:\/\/x.com\/gourmandelle\",\"https:\/\/instagram.com\/gourmandelleblog\/\",\"https:\/\/pinterest.com\/gourmandelle\/\"]},{\"@type\":\"Person\",\"@id\":\"https:\/\/gourmandelle.com\/#\/schema\/person\/e0603e30f9870a631967bd67fa23d947\",\"name\":\"Ruxandra\",\"description\":\"I'm Ruxandra, a vegetarian food blogger with over 10 years of experience creating plant-based recipes. I've published over 500 vegetarian and vegan recipes on Gourmandelle, focusing on healthy, everyday cooking. I'm also a certified nutrition enthusiast and have helped thousands of readers transition to a plant-based diet.\",\"sameAs\":[\"https:\/\/www.facebook.com\/GourmandelleLifestyleBlog\",\"http:\/\/ro.linkedin.com\/pub\/ruxandra-micu\/46\/a15\/485\",\"http:\/\/pinterest.com\/gourmandelle\/\",\"https:\/\/x.com\/gourmandelle\"]}]}<\/script>\n<!-- \/ Yoast SEO plugin. -->","yoast_head_json":{"title":"Abonare - Gourmandelle","robots":{"index":"index","follow":"follow","max-snippet":"max-snippet:-1","max-image-preview":"max-image-preview:large","max-video-preview":"max-video-preview:-1"},"canonical":"https:\/\/gourmandelle.com\/ro\/abonare\/","og_locale":"ro_RO","og_type":"article","og_title":"Abonare - Gourmandelle","og_description":"Deblocheaz\u0103 galeria de resurse pe baz\u0103 de plante Aboneaz\u0103-te la newsletter \u0219i prime\u0219ti gratuit ghidul pentru \u00eenlocuitori vegani E\u0219ti gata s\u0103 \u00eembr\u0103\u021bi\u0219ezi un stil de via\u021b\u0103 bazat pe plante, dar nu e\u0219ti sigur cum s\u0103 faci schimbarea f\u0103r\u0103 probleme? Al\u0103tur\u0103-te comunit\u0103\u021bii Gourmandelle abon\u00e2ndu-te la newsletter \u0219i vei primi ghidul exclusiv, \u201e\u00cenlocuitori vegani: schimburi u\u0219oare pentru...","og_url":"https:\/\/gourmandelle.com\/ro\/abonare\/","og_site_name":"Gourmandelle","article_publisher":"https:\/\/www.facebook.com\/GourmandelleLifestyleBlog","article_modified_time":"2025-03-19T09:04:54+00:00","og_image":[{"width":750,"height":750,"url":"https:\/\/gourmandelle.com\/wp-content\/uploads\/2025\/01\/logo-gourmandelle.jpg","type":"image\/jpeg"}],"twitter_card":"summary_large_image","twitter_site":"@gourmandelle","twitter_misc":{"Est. reading time":"1 minute"},"schema":{"@context":"https:\/\/schema.org","@graph":[{"@type":"Article","@id":"https:\/\/gourmandelle.com\/ro\/abonare\/#article","isPartOf":{"@id":"https:\/\/gourmandelle.com\/ro\/abonare\/"},"author":{"name":"Ruxandra","@id":"https:\/\/gourmandelle.com\/#\/schema\/person\/e0603e30f9870a631967bd67fa23d947"},"headline":"Abonare","datePublished":"2016-08-31T09:54:06+00:00","dateModified":"2025-03-19T09:04:54+00:00","mainEntityOfPage":{"@id":"https:\/\/gourmandelle.com\/ro\/abonare\/"},"wordCount":103,"publisher":{"@id":"https:\/\/gourmandelle.com\/#organization"},"inLanguage":"ro-RO"},{"@type":"WebPage","@id":"https:\/\/gourmandelle.com\/ro\/abonare\/","url":"https:\/\/gourmandelle.com\/ro\/abonare\/","name":"Abonare - Gourmandelle","isPartOf":{"@id":"https:\/\/gourmandelle.com\/#website"},"datePublished":"2016-08-31T09:54:06+00:00","dateModified":"2025-03-19T09:04:54+00:00","breadcrumb":{"@id":"https:\/\/gourmandelle.com\/ro\/abonare\/#breadcrumb"},"inLanguage":"ro-RO","potentialAction":[{"@type":"ReadAction","target":["https:\/\/gourmandelle.com\/ro\/abonare\/"]}]},{"@type":"BreadcrumbList","@id":"https:\/\/gourmandelle.com\/ro\/abonare\/#breadcrumb","itemListElement":[{"@type":"ListItem","position":1,"name":"Home","item":"https:\/\/gourmandelle.com\/ro\/"},{"@type":"ListItem","position":2,"name":"Abonare"}]},{"@type":"WebSite","@id":"https:\/\/gourmandelle.com\/#website","url":"https:\/\/gourmandelle.com\/","name":"Gourmandelle - Vegetarian Recipes","description":"Gourmandelle is a vegetarian blog with healthy vegetarian recipes and vegetarian meal plans.","publisher":{"@id":"https:\/\/gourmandelle.com\/#organization"},"alternateName":"Gourmandelle","potentialAction":[{"@type":"SearchAction","target":{"@type":"EntryPoint","urlTemplate":"https:\/\/gourmandelle.com\/?s={search_term_string}"},"query-input":{"@type":"PropertyValueSpecification","valueRequired":true,"valueName":"search_term_string"}}],"inLanguage":"ro-RO"},{"@type":"Organization","@id":"https:\/\/gourmandelle.com\/#organization","name":"Gourmandelle","alternateName":"Gourmandelle","url":"https:\/\/gourmandelle.com\/","logo":{"@type":"ImageObject","inLanguage":"ro-RO","@id":"https:\/\/gourmandelle.com\/#\/schema\/logo\/image\/","url":"https:\/\/gourmandelle.com\/wp-content\/uploads\/2018\/09\/logo-schema-gourmandelle.png","contentUrl":"https:\/\/gourmandelle.com\/wp-content\/uploads\/2018\/09\/logo-schema-gourmandelle.png","width":100,"height":60,"caption":"Gourmandelle"},"image":{"@id":"https:\/\/gourmandelle.com\/#\/schema\/logo\/image\/"},"sameAs":["https:\/\/www.facebook.com\/GourmandelleLifestyleBlog","https:\/\/x.com\/gourmandelle","https:\/\/instagram.com\/gourmandelleblog\/","https:\/\/pinterest.com\/gourmandelle\/"]},{"@type":"Person","@id":"https:\/\/gourmandelle.com\/#\/schema\/person\/e0603e30f9870a631967bd67fa23d947","name":"Ruxandra","description":"I'm Ruxandra, a vegetarian food blogger with over 10 years of experience creating plant-based recipes. I've published over 500 vegetarian and vegan recipes on Gourmandelle, focusing on healthy, everyday cooking. I'm also a certified nutrition enthusiast and have helped thousands of readers transition to a plant-based diet.","sameAs":["https:\/\/www.facebook.com\/GourmandelleLifestyleBlog","http:\/\/ro.linkedin.com\/pub\/ruxandra-micu\/46\/a15\/485","http:\/\/pinterest.com\/gourmandelle\/","https:\/\/x.com\/gourmandelle"]}]}},"_links":{"self":[{"href":"https:\/\/gourmandelle.com\/ro\/wp-json\/wp\/v2\/pages\/194316","targetHints":{"allow":["GET"]}}],"collection":[{"href":"https:\/\/gourmandelle.com\/ro\/wp-json\/wp\/v2\/pages"}],"about":[{"href":"https:\/\/gourmandelle.com\/ro\/wp-json\/wp\/v2\/types\/page"}],"author":[{"embeddable":true,"href":"https:\/\/gourmandelle.com\/ro\/wp-json\/wp\/v2\/users\/26"}],"replies":[{"embeddable":true,"href":"https:\/\/gourmandelle.com\/ro\/wp-json\/wp\/v2\/comments?post=194316"}],"version-history":[{"count":2,"href":"https:\/\/gourmandelle.com\/ro\/wp-json\/wp\/v2\/pages\/194316\/revisions"}],"predecessor-version":[{"id":213653,"href":"https:\/\/gourmandelle.com\/ro\/wp-json\/wp\/v2\/pages\/194316\/revisions\/213653"}],"wp:attachment":[{"href":"https:\/\/gourmandelle.com\/ro\/wp-json\/wp\/v2\/media?parent=194316"}],"curies":[{"name":"wp","href":"https:\/\/api.w.org\/{rel}","templated":true}]}}